{"id":421,"date":"2021-09-22T21:01:05","date_gmt":"2021-09-22T21:01:05","guid":{"rendered":"https:\/\/difilmes.com\/site\/?page_id=421"},"modified":"2021-10-06T17:08:24","modified_gmt":"2021-10-06T17:08:24","slug":"nos","status":"publish","type":"page","link":"https:\/\/difilmes.com\/site\/nos\/","title":{"rendered":"N\u00f3s"},"content":{"rendered":"\t\t<div data-elementor-type=\"wp-page\" data-elementor-id=\"421\" class=\"elementor elementor-421\" data-elementor-post-type=\"page\">\n\t\t\t\t\t\t<section class=\"elementor-section elementor-top-section elementor-element elementor-element-1597793 elementor-section-full_width elementor-section-height-default elementor-section-height-default\" data-id=\"1597793\" data-element_type=\"section\">\n\t\t\t\t\t\t<div class=\"elementor-container elementor-column-gap-default\">\n\t\t\t\t\t<div class=\"elementor-column elementor-col-100 elementor-top-column elementor-element elementor-element-8a509d7\" data-id=\"8a509d7\" data-element_type=\"column\">\n\t\t\t<div class=\"elementor-widget-wrap elementor-element-populated\">\n\t\t\t\t\t\t<div class=\"elementor-element elementor-element-fdcce8c elementor-view-default elementor-widget elementor-widget-icon\" data-id=\"fdcce8c\" data-element_type=\"widget\" data-widget_type=\"icon.default\">\n\t\t\t\t<div class=\"elementor-widget-container\">\n\t\t\t\t\t\t\t<div class=\"elementor-icon-wrapper\">\n\t\t\t<a class=\"elementor-icon\" href=\"https:\/\/wa.me\/5511949503416?Ol\u00e1,%20favor%entrar%em%contato.%Fico%no%aguardo.\" target=\"_blank\">\n\t\t\t<i aria-hidden=\"true\" class=\"fab fa-whatsapp-square\"><\/i>\t\t\t<\/a>\n\t\t<\/div>\n\t\t\t\t\t\t<\/div>\n\t\t\t\t<\/div>\n\t\t\t\t\t<\/div>\n\t\t<\/div>\n\t\t\t\t\t<\/div>\n\t\t<\/section>\n\t\t\t\t<section class=\"elementor-section elementor-top-section elementor-element elementor-element-9909790 elementor-section-full_width elementor-section-height-default elementor-section-height-default\" data-id=\"9909790\" data-element_type=\"section\">\n\t\t\t\t\t\t<div class=\"elementor-container elementor-column-gap-default\">\n\t\t\t\t\t<div class=\"elementor-column elementor-col-100 elementor-top-column elementor-element elementor-element-c997c55\" data-id=\"c997c55\" data-element_type=\"column\">\n\t\t\t<div class=\"elementor-widget-wrap elementor-element-populated\">\n\t\t\t\t\t\t<div class=\"elementor-element elementor-element-70d5dc4 elementor-widget elementor-widget-image\" data-id=\"70d5dc4\" data-element_type=\"widget\" data-widget_type=\"image.default\">\n\t\t\t\t<div class=\"elementor-widget-container\">\n\t\t\t\t\t\t\t\t\t\t\t\t\t\t\t\t<a href=\"https:\/\/difilmes.com\/site\">\n\t\t\t\t\t\t\t<img decoding=\"async\" src=\"https:\/\/difilmes.com\/site\/wp-content\/uploads\/elementor\/thumbs\/logo-di-filmes-pdgf23jqovfw50k1ni2cm5vupcvm7t6xcvzppqpie4.png\" title=\"logo-di-filmes\" alt=\"Logo_DiFilmes\" loading=\"lazy\" \/>\t\t\t\t\t\t\t\t<\/a>\n\t\t\t\t\t\t\t\t\t\t\t\t\t\t\t<\/div>\n\t\t\t\t<\/div>\n\t\t\t\t\t<\/div>\n\t\t<\/div>\n\t\t\t\t\t<\/div>\n\t\t<\/section>\n\t\t\t\t<section class=\"elementor-section elementor-top-section elementor-element elementor-element-6a2b88f elementor-section-full_width elementor-section-height-default elementor-section-height-default\" data-id=\"6a2b88f\" data-element_type=\"section\">\n\t\t\t\t\t\t<div class=\"elementor-container elementor-column-gap-default\">\n\t\t\t\t\t<div class=\"elementor-column elementor-col-100 elementor-top-column elementor-element elementor-element-92d2169\" data-id=\"92d2169\" data-element_type=\"column\">\n\t\t\t<div class=\"elementor-widget-wrap elementor-element-populated\">\n\t\t\t\t\t\t<div class=\"elementor-element elementor-element-900f6f3 elementor-widget elementor-widget-wp-widget-maxmegamenu\" data-id=\"900f6f3\" data-element_type=\"widget\" data-widget_type=\"wp-widget-maxmegamenu.default\">\n\t\t\t\t<div class=\"elementor-widget-container\">\n\t\t\t\t\t<div id=\"mega-menu-wrap-primary\" class=\"mega-menu-wrap\"><div class=\"mega-menu-toggle\"><div class=\"mega-toggle-blocks-left\"><div class='mega-toggle-block mega-menu-toggle-block mega-toggle-block-1' id='mega-toggle-block-1' tabindex='0'><span class='mega-toggle-label' role='button' aria-expanded='false'><span class='mega-toggle-label-closed'>MENU<\/span><span class='mega-toggle-label-open'>MENU<\/span><\/span><\/div><\/div><div class=\"mega-toggle-blocks-center\"><\/div><div class=\"mega-toggle-blocks-right\"><\/div><\/div><ul id=\"mega-menu-primary\" class=\"mega-menu max-mega-menu mega-menu-horizontal mega-no-js\" data-event=\"hover\" data-effect=\"disabled\" data-effect-speed=\"200\" data-effect-mobile=\"disabled\" data-effect-speed-mobile=\"0\" data-mobile-force-width=\"false\" data-second-click=\"go\" data-document-click=\"collapse\" data-vertical-behaviour=\"standard\" data-breakpoint=\"768\" data-unbind=\"true\" data-mobile-state=\"collapse_all\" data-hover-intent-timeout=\"300\" data-hover-intent-interval=\"100\"><li class='mega-menu-item mega-menu-item-type-post_type mega-menu-item-object-page mega-menu-item-home mega-align-bottom-left mega-menu-flyout mega-menu-item-613' id='mega-menu-item-613'><a class=\"mega-menu-link\" href=\"https:\/\/difilmes.com\/site\/\" tabindex=\"0\">Home<\/a><\/li><li class='mega-menu-item mega-menu-item-type-post_type mega-menu-item-object-page mega-align-bottom-left mega-menu-flyout mega-menu-item-616' id='mega-menu-item-616'><a class=\"mega-menu-link\" href=\"https:\/\/difilmes.com\/site\/nos\/\" tabindex=\"0\">N\u00f3s<\/a><\/li><li class='mega-menu-item mega-menu-item-type-post_type mega-menu-item-object-page mega-align-bottom-left mega-menu-flyout mega-menu-item-614' id='mega-menu-item-614'><a class=\"mega-menu-link\" href=\"https:\/\/difilmes.com\/site\/clientes\/\" tabindex=\"0\">Clientes<\/a><\/li><li class='mega-menu-item mega-menu-item-type-post_type mega-menu-item-object-page mega-align-bottom-left mega-menu-flyout mega-menu-item-615' id='mega-menu-item-615'><a class=\"mega-menu-link\" href=\"https:\/\/difilmes.com\/site\/contatos\/\" tabindex=\"0\">Contatos<\/a><\/li><\/ul><\/div>\t\t\t\t<\/div>\n\t\t\t\t<\/div>\n\t\t\t\t\t<\/div>\n\t\t<\/div>\n\t\t\t\t\t<\/div>\n\t\t<\/section>\n\t\t\t\t<section class=\"elementor-section elementor-top-section elementor-element elementor-element-eceede2 elementor-section-boxed elementor-section-height-default elementor-section-height-default\" data-id=\"eceede2\" data-element_type=\"section\">\n\t\t\t\t\t\t<div class=\"elementor-container elementor-column-gap-default\">\n\t\t\t\t\t<div class=\"elementor-column elementor-col-100 elementor-top-column elementor-element elementor-element-5f0ea9d\" data-id=\"5f0ea9d\" data-element_type=\"column\">\n\t\t\t<div class=\"elementor-widget-wrap elementor-element-populated\">\n\t\t\t\t\t\t<div class=\"elementor-element elementor-element-0b9ade9 elementor-widget elementor-widget-heading\" data-id=\"0b9ade9\" data-element_type=\"widget\" data-widget_type=\"heading.default\">\n\t\t\t\t<div class=\"elementor-widget-container\">\n\t\t\t\t\t<h2 class=\"elementor-heading-title elementor-size-medium\">QUEM \u00c9 A DIFILMES?<\/h2>\t\t\t\t<\/div>\n\t\t\t\t<\/div>\n\t\t\t\t<div class=\"elementor-element elementor-element-dd7b635 elementor-widget elementor-widget-text-editor\" data-id=\"dd7b635\" data-element_type=\"widget\" data-widget_type=\"text-editor.default\">\n\t\t\t\t<div class=\"elementor-widget-container\">\n\t\t\t\t\t\t\t\t\t<p>Uma produtora especializada em produ\u00e7\u00e3o de v\u00eddeo com quase 20 anos fazendo o que mais gosta, ajudamos voc\u00ea e sua empresa a se comunicar melhor com o seu p\u00fablico. Seja pelas redes sociais, TV ou cinema. Contamos a hist\u00f3ria de sua empresa e de seu neg\u00f3cio de acordo com a vis\u00e3o e emo\u00e7\u00e3o de nossos clientes sobre seus neg\u00f3cios. Contamos com a melhor equipe e estrutura ideal para produzir v\u00eddeos que atendam \u00e0s suas necessidades.<\/p>\t\t\t\t\t\t\t\t<\/div>\n\t\t\t\t<\/div>\n\t\t\t\t<div class=\"elementor-element elementor-element-5c487af elementor-widget elementor-widget-spacer\" data-id=\"5c487af\" data-element_type=\"widget\" data-widget_type=\"spacer.default\">\n\t\t\t\t<div class=\"elementor-widget-container\">\n\t\t\t\t\t\t\t<div class=\"elementor-spacer\">\n\t\t\t<div class=\"elementor-spacer-inner\"><\/div>\n\t\t<\/div>\n\t\t\t\t\t\t<\/div>\n\t\t\t\t<\/div>\n\t\t\t\t\t<\/div>\n\t\t<\/div>\n\t\t\t\t\t<\/div>\n\t\t<\/section>\n\t\t\t\t<section class=\"elementor-section elementor-top-section elementor-element elementor-element-ca71655 elementor-section-boxed elementor-section-height-default elementor-section-height-default\" data-id=\"ca71655\" data-element_type=\"section\" data-settings=\"{&quot;background_background&quot;:&quot;classic&quot;}\">\n\t\t\t\t\t\t<div class=\"elementor-container elementor-column-gap-wide\">\n\t\t\t\t\t<div class=\"elementor-column elementor-col-33 elementor-top-column elementor-element elementor-element-44c8745\" data-id=\"44c8745\" data-element_type=\"column\">\n\t\t\t<div class=\"elementor-widget-wrap elementor-element-populated\">\n\t\t\t\t\t\t<div class=\"elementor-element elementor-element-73fedd3 elementor-widget elementor-widget-spacer\" data-id=\"73fedd3\" data-element_type=\"widget\" data-widget_type=\"spacer.default\">\n\t\t\t\t<div class=\"elementor-widget-container\">\n\t\t\t\t\t\t\t<div class=\"elementor-spacer\">\n\t\t\t<div class=\"elementor-spacer-inner\"><\/div>\n\t\t<\/div>\n\t\t\t\t\t\t<\/div>\n\t\t\t\t<\/div>\n\t\t\t\t<div class=\"elementor-element elementor-element-824d7db elementor-widget elementor-widget-heading\" data-id=\"824d7db\" data-element_type=\"widget\" data-widget_type=\"heading.default\">\n\t\t\t\t<div class=\"elementor-widget-container\">\n\t\t\t\t\t<h3 class=\"elementor-heading-title elementor-size-medium\">PRODUTORA DE V\u00cdDEO DIFILMES<\/h3>\t\t\t\t<\/div>\n\t\t\t\t<\/div>\n\t\t\t\t<div class=\"elementor-element elementor-element-fc860bc elementor-widget elementor-widget-text-editor\" data-id=\"fc860bc\" data-element_type=\"widget\" data-widget_type=\"text-editor.default\">\n\t\t\t\t<div class=\"elementor-widget-container\">\n\t\t\t\t\t\t\t\t\t<p>A Di Filmes tem quase 20 anos fazendo o que mais gosta, ajudamos voc\u00ea e sua empresa a se comunicar melhor com o seu p\u00fablico. Seja pelas redes sociais, TV ou cinema. Contamos a hist\u00f3ria de sua empresa e de seu neg\u00f3cio de acordo com a vis\u00e3o e emo\u00e7\u00e3o de nossos clientes sobre seus neg\u00f3cios. Contamos com a melhor equipe e estrutura ideal para produzir v\u00eddeos que atendam \u00e0s suas necessidades.<\/p>\t\t\t\t\t\t\t\t<\/div>\n\t\t\t\t<\/div>\n\t\t\t\t\t<\/div>\n\t\t<\/div>\n\t\t\t\t<div class=\"elementor-column elementor-col-33 elementor-top-column elementor-element elementor-element-ba62b66\" data-id=\"ba62b66\" data-element_type=\"column\">\n\t\t\t<div class=\"elementor-widget-wrap elementor-element-populated\">\n\t\t\t\t\t\t<div class=\"elementor-element elementor-element-ba27a8f elementor-widget elementor-widget-spacer\" data-id=\"ba27a8f\" data-element_type=\"widget\" data-widget_type=\"spacer.default\">\n\t\t\t\t<div class=\"elementor-widget-container\">\n\t\t\t\t\t\t\t<div class=\"elementor-spacer\">\n\t\t\t<div class=\"elementor-spacer-inner\"><\/div>\n\t\t<\/div>\n\t\t\t\t\t\t<\/div>\n\t\t\t\t<\/div>\n\t\t\t\t<div class=\"elementor-element elementor-element-b0d0ec1 elementor-widget elementor-widget-heading\" data-id=\"b0d0ec1\" data-element_type=\"widget\" data-widget_type=\"heading.default\">\n\t\t\t\t<div class=\"elementor-widget-container\">\n\t\t\t\t\t<h3 class=\"elementor-heading-title elementor-size-medium\">CONTATOS<\/h3>\t\t\t\t<\/div>\n\t\t\t\t<\/div>\n\t\t\t\t<div class=\"elementor-element elementor-element-a0f4e38 elementor-widget elementor-widget-text-editor\" data-id=\"a0f4e38\" data-element_type=\"widget\" data-widget_type=\"text-editor.default\">\n\t\t\t\t<div class=\"elementor-widget-container\">\n\t\t\t\t\t\t\t\t\t<p>Entre em contato em um dos nossos canais de atendimento:<\/p>\t\t\t\t\t\t\t\t<\/div>\n\t\t\t\t<\/div>\n\t\t\t\t<div class=\"elementor-element elementor-element-3cae0de elementor-widget elementor-widget-text-editor\" data-id=\"3cae0de\" data-element_type=\"widget\" data-widget_type=\"text-editor.default\">\n\t\t\t\t<div class=\"elementor-widget-container\">\n\t\t\t\t\t\t\t\t\t<i class=\"fa fa-whatsapp\"><\/i>\u00a0<a title=\"11949503416\" href=\"https:\/\/wa.me\/5511949503416?Ol\u00e1,%20favor%entrar%em%contato.%Fico%no%aguardo.\">11 94950-3416<\/a><br>\n<i class=\"fa fa-envelope-o\"><\/i> <a href=\"mailto:contato@difilmes.com\">contato@difilmes.com<\/a><br>\n<i class=\"fa fa-instagram\"><\/i> <a href=\"https:\/\/www.instagram.com\/produtoradifilmes\">@produtoradifilmes<\/a><br>\n<i class=\"fa fa-youtube-play\"><\/i> <a href=\"https:\/\/www.youtube.com\/channel\/UCuPSYVdphAlujIYR5YtUl3g\/videos\">Di Filmes<\/a><br>\n<i class=\"fa fa-vimeo\"><\/i> <a href=\"https:\/\/vimeo.com\/user124744752\">Di Filmes<\/a>\t\t\t\t\t\t\t\t<\/div>\n\t\t\t\t<\/div>\n\t\t\t\t\t<\/div>\n\t\t<\/div>\n\t\t\t\t<div class=\"elementor-column elementor-col-33 elementor-top-column elementor-element elementor-element-62bf6f3\" data-id=\"62bf6f3\" data-element_type=\"column\">\n\t\t\t<div class=\"elementor-widget-wrap elementor-element-populated\">\n\t\t\t\t\t\t<div class=\"elementor-element elementor-element-4f43610 elementor-widget elementor-widget-spacer\" data-id=\"4f43610\" data-element_type=\"widget\" data-widget_type=\"spacer.default\">\n\t\t\t\t<div class=\"elementor-widget-container\">\n\t\t\t\t\t\t\t<div class=\"elementor-spacer\">\n\t\t\t<div class=\"elementor-spacer-inner\"><\/div>\n\t\t<\/div>\n\t\t\t\t\t\t<\/div>\n\t\t\t\t<\/div>\n\t\t\t\t<div class=\"elementor-element elementor-element-b5e3da1 elementor-widget elementor-widget-heading\" data-id=\"b5e3da1\" data-element_type=\"widget\" data-widget_type=\"heading.default\">\n\t\t\t\t<div class=\"elementor-widget-container\">\n\t\t\t\t\t<h3 class=\"elementor-heading-title elementor-size-medium\">P\u00c1GINAS<\/h3>\t\t\t\t<\/div>\n\t\t\t\t<\/div>\n\t\t\t\t<div class=\"elementor-element elementor-element-5affde1 elementor-widget elementor-widget-text-editor\" data-id=\"5affde1\" data-element_type=\"widget\" data-widget_type=\"text-editor.default\">\n\t\t\t\t<div class=\"elementor-widget-container\">\n\t\t\t\t\t\t\t\t\t<ul><li><a href=\"https:\/\/difilmes.com\/site\">Home<\/a><\/li><li><a href=\"https:\/\/difilmes.com\/site\/nos\">N\u00f3s<\/a><\/li><li><a href=\"https:\/\/difilmes.com\/site\/clientes\">Clientes<\/a><\/li><li><a href=\"https:\/\/difilmes.com\/site\/contatos\">Contatos<\/a><\/li><\/ul>\t\t\t\t\t\t\t\t<\/div>\n\t\t\t\t<\/div>\n\t\t\t\t\t<\/div>\n\t\t<\/div>\n\t\t\t\t\t<\/div>\n\t\t<\/section>\n\t\t\t\t<section class=\"elementor-section elementor-top-section elementor-element elementor-element-6f1b64d elementor-section-full_width elementor-section-height-default elementor-section-height-default\" data-id=\"6f1b64d\" data-element_type=\"section\" data-settings=\"{&quot;background_background&quot;:&quot;classic&quot;}\">\n\t\t\t\t\t\t<div class=\"elementor-container elementor-column-gap-default\">\n\t\t\t\t\t<div class=\"elementor-column elementor-col-100 elementor-top-column elementor-element elementor-element-82ba0b5\" data-id=\"82ba0b5\" data-element_type=\"column\">\n\t\t\t<div class=\"elementor-widget-wrap elementor-element-populated\">\n\t\t\t\t\t\t<div class=\"elementor-element elementor-element-5679237 elementor-widget-divider--view-line elementor-widget elementor-widget-divider\" data-id=\"5679237\" data-element_type=\"widget\" data-widget_type=\"divider.default\">\n\t\t\t\t<div class=\"elementor-widget-container\">\n\t\t\t\t\t\t\t<div class=\"elementor-divider\">\n\t\t\t<span class=\"elementor-divider-separator\">\n\t\t\t\t\t\t<\/span>\n\t\t<\/div>\n\t\t\t\t\t\t<\/div>\n\t\t\t\t<\/div>\n\t\t\t\t<div class=\"elementor-element elementor-element-a4ac20e elementor-widget elementor-widget-text-editor\" data-id=\"a4ac20e\" data-element_type=\"widget\" data-widget_type=\"text-editor.default\">\n\t\t\t\t<div class=\"elementor-widget-container\">\n\t\t\t\t\t\t\t\t\t<p>\u00a9 Copyright 2020 DiFilmes. Todos os direitos reservados. Desenvolvido por\u00a0<a href=\"https:\/\/gestaodoseutrafego.com.br\/\" target=\"_blank\" rel=\"noopener\"><strong>gestaodoseutrafego.com.br<\/strong><\/a><\/p>\t\t\t\t\t\t\t\t<\/div>\n\t\t\t\t<\/div>\n\t\t\t\t<div class=\"elementor-element elementor-element-b3726a4 elementor-widget elementor-widget-spacer\" data-id=\"b3726a4\" data-element_type=\"widget\" data-widget_type=\"spacer.default\">\n\t\t\t\t<div class=\"elementor-widget-container\">\n\t\t\t\t\t\t\t<div class=\"elementor-spacer\">\n\t\t\t<div class=\"elementor-spacer-inner\"><\/div>\n\t\t<\/div>\n\t\t\t\t\t\t<\/div>\n\t\t\t\t<\/div>\n\t\t\t\t\t<\/div>\n\t\t<\/div>\n\t\t\t\t\t<\/div>\n\t\t<\/section>\n\t\t\t\t<\/div>\n\t\t","protected":false},"excerpt":{"rendered":"<p>QUEM \u00c9 A DIFILMES? Uma produtora especializada em produ\u00e7\u00e3o de v\u00eddeo com quase 20 anos fazendo o que mais gosta, ajudamos voc\u00ea e sua empresa a se comunicar melhor com o seu p\u00fablico. Seja pelas redes sociais, TV ou cinema. Contamos a hist\u00f3ria de sua empresa e de seu neg\u00f3cio de acordo com a vis\u00e3o&hellip; <br \/> <a class=\"read-more\" href=\"https:\/\/difilmes.com\/site\/nos\/\">Leia mais<\/a><\/p>\n","protected":false},"author":1,"featured_media":0,"parent":0,"menu_order":0,"comment_status":"closed","ping_status":"closed","template":"elementor_canvas","meta":{"_joinchat":[],"footnotes":""},"class_list":["post-421","page","type-page","status-publish","hentry"],"_links":{"self":[{"href":"https:\/\/difilmes.com\/site\/wp-json\/wp\/v2\/pages\/421","targetHints":{"allow":["GET"]}}],"collection":[{"href":"https:\/\/difilmes.com\/site\/wp-json\/wp\/v2\/pages"}],"about":[{"href":"https:\/\/difilmes.com\/site\/wp-json\/wp\/v2\/types\/page"}],"author":[{"embeddable":true,"href":"https:\/\/difilmes.com\/site\/wp-json\/wp\/v2\/users\/1"}],"replies":[{"embeddable":true,"href":"https:\/\/difilmes.com\/site\/wp-json\/wp\/v2\/comments?post=421"}],"version-history":[{"count":76,"href":"https:\/\/difilmes.com\/site\/wp-json\/wp\/v2\/pages\/421\/revisions"}],"predecessor-version":[{"id":753,"href":"https:\/\/difilmes.com\/site\/wp-json\/wp\/v2\/pages\/421\/revisions\/753"}],"wp:attachment":[{"href":"https:\/\/difilmes.com\/site\/wp-json\/wp\/v2\/media?parent=421"}],"curies":[{"name":"wp","href":"https:\/\/api.w.org\/{rel}","templated":true}]}}